{"id":4990,"date":"2022-02-18T10:14:20","date_gmt":"2022-02-18T10:14:20","guid":{"rendered":"https:\/\/www.dr-frohn.com\/?page_id=4990\/"},"modified":"2022-04-01T13:37:11","modified_gmt":"2022-04-01T13:37:11","slug":"about-us","status":"publish","type":"page","link":"https:\/\/www.dr-frohn.com\/en\/about-us\/","title":{"rendered":"About Us"},"content":{"rendered":"<div class=\"wpb-content-wrapper\"><p>[vc_row][vc_column]<div class=\"mgt-header-block clearfix text-left text-black wpb_content_element  mgt-header-block-style-1 mgt-header-texttransform-header \"><h2 class=\"mgt-header-block-title\">ABOUT US<\/h2><div class=\"mgt-header-line\"><\/div><\/div>[\/vc_column][\/vc_row][vc_row][vc_column width=&#8221;1\/4&#8243;][vc_column_text]<\/p>\n<h2>Founding<\/h2>\n<p>[\/vc_column_text][\/vc_column][vc_column width=&#8221;3\/4&#8243;][vc_column_text]<span class=\"frohntext\">The company of <b>DR.ING.W.FROHN GMBH &amp; CO KG<\/b>, formerly TB-DR.FROHN, was established in 1948 and since then has been involved in the development, manufacturing and distribution of blow-molded packaging.<\/span>[\/vc_column_text][\/vc_column][\/vc_row][vc_row][vc_column width=&#8221;1\/4&#8243;][vc_column_text]<\/p>\n<h2>Patents<\/h2>\n<p>[\/vc_column_text][\/vc_column][vc_column width=&#8221;3\/4&#8243;][vc_column_text]<span class=\"frohntext\">The large number of our patents reflects the innovative nature of our products, especially with respect to the environmental and technical-application aspects, such as the ability of safe and total discharge of the liquid contained.<br \/>\nWe have various European and U.S. or World patents in the area of hazardous goods packaging in addition to accessories and their production.<br \/>\n<\/span>[\/vc_column_text][\/vc_column][\/vc_row][vc_row][vc_column width=&#8221;1\/4&#8243;][\/vc_column][vc_column width=&#8221;1\/4&#8243; css=&#8221;.vc_custom_1482234443552{background-color: #d8d8d8 !important;}&#8221;][vc_single_image image=&#8221;3846&#8243; img_size=&#8221;full&#8221; alignment=&#8221;center&#8221;][vc_column_text]<\/p>\n<p style=\"text-align: center;\"><b>Guarantee of total discharge<\/b><\/p>\n<p>[\/vc_column_text][\/vc_column][vc_column width=&#8221;1\/4&#8243;][\/vc_column][vc_column width=&#8221;1\/4&#8243; css=&#8221;.vc_custom_1482234581464{background-color: #d8d8d8 !important;}&#8221;][vc_single_image image=&#8221;3848&#8243; img_size=&#8221;medium&#8221; alignment=&#8221;center&#8221;][vc_column_text]<\/p>\n<p style=\"text-align: center;\"><b><span class=\"frohntext\">Ventilation channel<\/span><\/b><\/p>\n<p>[\/vc_column_text][\/vc_column][\/vc_row][vc_row][vc_column css=&#8221;.vc_custom_1482234625735{margin-bottom: 40px !important;}&#8221;][\/vc_column][\/vc_row][vc_row][vc_column width=&#8221;1\/4&#8243;][vc_column_text]<\/p>\n<h2>Strategy<\/h2>\n<p>[\/vc_column_text][vc_single_image image=&#8221;3713&#8243;][\/vc_column][vc_column width=&#8221;3\/4&#8243;][vc_column_text]<\/p>\n<p class=\"frohntext\">While production up until 1979 took place exclusively at our own production plant in Munich-Deisenhofen, since then we have been pursuing a decentralised production strategy. In the course of the proceeding Europeanisation and decentralisation of our main clients, the Chemical industry, Chemical wholesaler organisations and the Mineral-oil industry, it became necessary to establish widely varying production sites throughout Europe.<br \/>\nThis concept has since this time been realised through collaboration with efficient partners. The DR. FROHN container programme is currently produced at 12 production sites in Germany, France, England, Belgium, Austria, Italy, Spain and Greece. Beyond this we have licensees in Europe, Asia, Africa, North-, Central- and South-America.<\/p>\n<p class=\"frohntext\">The advantages of this company strategy are:<\/p>\n<ul>\n<li style=\"color: #3366cc;\"><span class=\"frohntext\">Security of supply\u00a0<\/span><\/li>\n<li style=\"color: #3366cc;\"><span class=\"frohntext\">Just-in-time delivery due to\u00a0short freight routes<\/span><\/li>\n<li style=\"color: #3366cc;\"><span class=\"frohntext\">Standardisation of customer packagings<\/span><\/li>\n<\/ul>\n<p>[\/vc_column_text][\/vc_column][\/vc_row][vc_row][vc_column width=&#8221;1\/4&#8243;][vc_column_text]<\/p>\n<h2>Quality<\/h2>\n<p>[\/vc_column_text][\/vc_column][vc_column width=&#8221;3\/4&#8243;][vc_column_text]<\/p>\n<p class=\"frohntext\">Our first aim is\u00a0quality assurance. All production sites have been certified in accordance with ISO9001. Beyond this, we review the adherence of the individual production sites to the stipulated quality standards at regular intervals. In addition, we are a member of the \u201cG\u00fctegemeinschaft Kunststoffverpackungen f\u00fcr gef\u00e4hrliche G\u00fcter e.V.\u201d (Quality-Association for Plastic Packaging for Hazardous Goods).<\/p>\n<p>[\/vc_column_text][\/vc_column][\/vc_row]<\/p>\n<\/div>","protected":false},"excerpt":{"rendered":"<p>[vc_row][vc_column][\/vc_column][\/vc_row][vc_row][vc_column width=&#8221;1\/4&#8243;][vc_column_text] Founding [\/vc_column_text][\/vc_column][vc_column width=&#8221;3\/4&#8243;][vc_column_text]The company of DR.ING.W.FROHN GMBH &amp; CO KG, formerly TB-DR.FROHN, was established in 1948 and since then has been involved in the development, manufacturing and distribution of blow-molded packaging.[\/vc_column_text][\/vc_column][\/vc_row][vc_row][vc_column width=&#8221;1\/4&#8243;][vc_column_text] Patents [\/vc_column_text][\/vc_column][vc_column width=&#8221;3\/4&#8243;][vc_column_text]The large number of our patents reflects the innovative nature of our products, especially with respect to the environmental &hellip; <a href=\"https:\/\/www.dr-frohn.com\/en\/about-us\/\" class=\"more-link\">Continue reading <span class=\"screen-reader-text\">About Us<\/span> <span class=\"meta-nav\">&rarr;<\/span><\/a><\/p>\n","protected":false},"author":2,"featured_media":0,"parent":0,"menu_order":0,"comment_status":"closed","ping_status":"open","template":"","meta":{"inline_featured_image":false,"footnotes":""},"class_list":["post-4990","page","type-page","status-publish","hentry"],"yoast_head":"<!-- This site is optimized with the Yoast SEO plugin v26.3 - https:\/\/yoast.com\/wordpress\/plugins\/seo\/ -->\n<title>About Us | Dr. Frohn Gefahrgutverpackung Gefahrgutbeh\u00e4lter<\/title>\n<meta name=\"robots\" content=\"index, follow, max-snippet:-1, max-image-preview:large, max-video-preview:-1\" \/>\n<link rel=\"canonical\" href=\"https:\/\/www.dr-frohn.com\/en\/about-us\/\" \/>\n<meta property=\"og:locale\" content=\"en_US\" \/>\n<meta property=\"og:type\" content=\"article\" \/>\n<meta property=\"og:title\" content=\"About Us | Dr. Frohn Gefahrgutverpackung Gefahrgutbeh\u00e4lter\" \/>\n<meta property=\"og:description\" content=\"[vc_row][vc_column][\/vc_column][\/vc_row][vc_row][vc_column width=&#8221;1\/4&#8243;][vc_column_text] Founding [\/vc_column_text][\/vc_column][vc_column width=&#8221;3\/4&#8243;][vc_column_text]The company of DR.ING.W.FROHN GMBH &amp; CO KG, formerly TB-DR.FROHN, was established in 1948 and since then has been involved in the development, manufacturing and distribution of blow-molded packaging.[\/vc_column_text][\/vc_column][\/vc_row][vc_row][vc_column width=&#8221;1\/4&#8243;][vc_column_text] Patents [\/vc_column_text][\/vc_column][vc_column width=&#8221;3\/4&#8243;][vc_column_text]The large number of our patents reflects the innovative nature of our products, especially with respect to the environmental &hellip; Continue reading About Us &rarr;\" \/>\n<meta property=\"og:url\" content=\"https:\/\/www.dr-frohn.com\/en\/about-us\/\" \/>\n<meta property=\"og:site_name\" content=\"Dr. Frohn\" \/>\n<meta property=\"article:modified_time\" content=\"2022-04-01T13:37:11+00:00\" \/>\n<meta name=\"twitter:card\" content=\"summary_large_image\" \/>\n<meta name=\"twitter:label1\" content=\"Est. reading time\" \/>\n\t<meta name=\"twitter:data1\" content=\"2 minutes\" \/>\n<script type=\"application\/ld+json\" class=\"yoast-schema-graph\">{\"@context\":\"https:\/\/schema.org\",\"@graph\":[{\"@type\":\"WebPage\",\"@id\":\"https:\/\/www.dr-frohn.com\/en\/about-us\/\",\"url\":\"https:\/\/www.dr-frohn.com\/en\/about-us\/\",\"name\":\"About Us | Dr. Frohn Gefahrgutverpackung Gefahrgutbeh\u00e4lter\",\"isPartOf\":{\"@id\":\"https:\/\/www.dr-frohn.com\/#website\"},\"datePublished\":\"2022-02-18T10:14:20+00:00\",\"dateModified\":\"2022-04-01T13:37:11+00:00\",\"breadcrumb\":{\"@id\":\"https:\/\/www.dr-frohn.com\/en\/about-us\/#breadcrumb\"},\"inLanguage\":\"en-US\",\"potentialAction\":[{\"@type\":\"ReadAction\",\"target\":[\"https:\/\/www.dr-frohn.com\/en\/about-us\/\"]}]},{\"@type\":\"BreadcrumbList\",\"@id\":\"https:\/\/www.dr-frohn.com\/en\/about-us\/#breadcrumb\",\"itemListElement\":[{\"@type\":\"ListItem\",\"position\":1,\"name\":\"Home\",\"item\":\"https:\/\/www.dr-frohn.com\/en\/\"},{\"@type\":\"ListItem\",\"position\":2,\"name\":\"About Us\"}]},{\"@type\":\"WebSite\",\"@id\":\"https:\/\/www.dr-frohn.com\/#website\",\"url\":\"https:\/\/www.dr-frohn.com\/\",\"name\":\"Dr. Frohn\",\"description\":\"\",\"potentialAction\":[{\"@type\":\"SearchAction\",\"target\":{\"@type\":\"EntryPoint\",\"urlTemplate\":\"https:\/\/www.dr-frohn.com\/?s={search_term_string}\"},\"query-input\":{\"@type\":\"PropertyValueSpecification\",\"valueRequired\":true,\"valueName\":\"search_term_string\"}}],\"inLanguage\":\"en-US\"}]}<\/script>\n<!-- \/ Yoast SEO plugin. -->","yoast_head_json":{"title":"About Us | Dr. Frohn Gefahrgutverpackung Gefahrgutbeh\u00e4lter","robots":{"index":"index","follow":"follow","max-snippet":"max-snippet:-1","max-image-preview":"max-image-preview:large","max-video-preview":"max-video-preview:-1"},"canonical":"https:\/\/www.dr-frohn.com\/en\/about-us\/","og_locale":"en_US","og_type":"article","og_title":"About Us | Dr. Frohn Gefahrgutverpackung Gefahrgutbeh\u00e4lter","og_description":"[vc_row][vc_column][\/vc_column][\/vc_row][vc_row][vc_column width=&#8221;1\/4&#8243;][vc_column_text] Founding [\/vc_column_text][\/vc_column][vc_column width=&#8221;3\/4&#8243;][vc_column_text]The company of DR.ING.W.FROHN GMBH &amp; CO KG, formerly TB-DR.FROHN, was established in 1948 and since then has been involved in the development, manufacturing and distribution of blow-molded packaging.[\/vc_column_text][\/vc_column][\/vc_row][vc_row][vc_column width=&#8221;1\/4&#8243;][vc_column_text] Patents [\/vc_column_text][\/vc_column][vc_column width=&#8221;3\/4&#8243;][vc_column_text]The large number of our patents reflects the innovative nature of our products, especially with respect to the environmental &hellip; Continue reading About Us &rarr;","og_url":"https:\/\/www.dr-frohn.com\/en\/about-us\/","og_site_name":"Dr. Frohn","article_modified_time":"2022-04-01T13:37:11+00:00","twitter_card":"summary_large_image","twitter_misc":{"Est. reading time":"2 minutes"},"schema":{"@context":"https:\/\/schema.org","@graph":[{"@type":"WebPage","@id":"https:\/\/www.dr-frohn.com\/en\/about-us\/","url":"https:\/\/www.dr-frohn.com\/en\/about-us\/","name":"About Us | Dr. Frohn Gefahrgutverpackung Gefahrgutbeh\u00e4lter","isPartOf":{"@id":"https:\/\/www.dr-frohn.com\/#website"},"datePublished":"2022-02-18T10:14:20+00:00","dateModified":"2022-04-01T13:37:11+00:00","breadcrumb":{"@id":"https:\/\/www.dr-frohn.com\/en\/about-us\/#breadcrumb"},"inLanguage":"en-US","potentialAction":[{"@type":"ReadAction","target":["https:\/\/www.dr-frohn.com\/en\/about-us\/"]}]},{"@type":"BreadcrumbList","@id":"https:\/\/www.dr-frohn.com\/en\/about-us\/#breadcrumb","itemListElement":[{"@type":"ListItem","position":1,"name":"Home","item":"https:\/\/www.dr-frohn.com\/en\/"},{"@type":"ListItem","position":2,"name":"About Us"}]},{"@type":"WebSite","@id":"https:\/\/www.dr-frohn.com\/#website","url":"https:\/\/www.dr-frohn.com\/","name":"Dr. Frohn","description":"","potentialAction":[{"@type":"SearchAction","target":{"@type":"EntryPoint","urlTemplate":"https:\/\/www.dr-frohn.com\/?s={search_term_string}"},"query-input":{"@type":"PropertyValueSpecification","valueRequired":true,"valueName":"search_term_string"}}],"inLanguage":"en-US"}]}},"_links":{"self":[{"href":"https:\/\/www.dr-frohn.com\/en\/wp-json\/wp\/v2\/pages\/4990","targetHints":{"allow":["GET"]}}],"collection":[{"href":"https:\/\/www.dr-frohn.com\/en\/wp-json\/wp\/v2\/pages"}],"about":[{"href":"https:\/\/www.dr-frohn.com\/en\/wp-json\/wp\/v2\/types\/page"}],"author":[{"embeddable":true,"href":"https:\/\/www.dr-frohn.com\/en\/wp-json\/wp\/v2\/users\/2"}],"replies":[{"embeddable":true,"href":"https:\/\/www.dr-frohn.com\/en\/wp-json\/wp\/v2\/comments?post=4990"}],"version-history":[{"count":7,"href":"https:\/\/www.dr-frohn.com\/en\/wp-json\/wp\/v2\/pages\/4990\/revisions"}],"predecessor-version":[{"id":5524,"href":"https:\/\/www.dr-frohn.com\/en\/wp-json\/wp\/v2\/pages\/4990\/revisions\/5524"}],"wp:attachment":[{"href":"https:\/\/www.dr-frohn.com\/en\/wp-json\/wp\/v2\/media?parent=4990"}],"curies":[{"name":"wp","href":"https:\/\/api.w.org\/{rel}","templated":true}]}}